{"id":16,"date":"2023-05-15T20:27:37","date_gmt":"2023-05-15T20:27:37","guid":{"rendered":"https:\/\/escueladominical.info\/?page_id=16"},"modified":"2023-08-22T04:45:52","modified_gmt":"2023-08-22T04:45:52","slug":"inicio","status":"publish","type":"page","link":"https:\/\/escueladominical.info\/","title":{"rendered":"Inicio"},"content":{"rendered":"<p>[et_pb_section fb_built=&#8221;1&#8243; admin_label=&#8221;Header&#8221; _builder_version=&#8221;4.21.0&#8243; _module_preset=&#8221;default&#8221; background_color=&#8221;gcid-1c7f682d-c09a-42e9-8b1c-535ba676533f&#8221; use_background_color_gradient=&#8221;on&#8221; background_color_gradient_direction=&#8221;90deg&#8221; background_color_gradient_stops=&#8221;gcid-1c7f682d-c09a-42e9-8b1c-535ba676533f 65%|rgba(255,255,255,0) 65%&#8221; background_color_gradient_overlays_image=&#8221;on&#8221; background_image=&#8221;https:\/\/escueladominical.info\/wp-content\/uploads\/2023\/06\/coaching-3.jpg&#8221; custom_margin=&#8221;||||false|false&#8221; custom_padding=&#8221;5vw||5vw||true|false&#8221; background_last_edited=&#8221;on|tablet&#8221; background_color_gradient_direction_tablet=&#8221;180deg&#8221; collapsed=&#8221;off&#8221; global_colors_info=&#8221;{%22gcid-1c7f682d-c09a-42e9-8b1c-535ba676533f%22:%91%22background_color%22,%22background_color_gradient_stops%22%93}&#8221;][et_pb_row column_structure=&#8221;1_2,1_2&#8243; _builder_version=&#8221;4.21.0&#8243; _module_preset=&#8221;default&#8221; z_index=&#8221;1&#8243; custom_margin=&#8221;40px||||false|false&#8221; custom_margin_tablet=&#8221;30px||||false|false&#8221; custom_margin_phone=&#8221;30px||||false|false&#8221; custom_margin_last_edited=&#8221;on|tablet&#8221; global_colors_info=&#8221;{}&#8221;][et_pb_column type=&#8221;1_2&#8243; _builder_version=&#8221;4.20.0&#8243; _module_preset=&#8221;default&#8221; z_index=&#8221;10&#8243; z_index_tablet=&#8221;2&#8243; z_index_phone=&#8221;2&#8243; z_index_last_edited=&#8221;on|tablet&#8221; global_colors_info=&#8221;{}&#8221;][et_pb_text _builder_version=&#8221;4.21.0&#8243; _module_preset=&#8221;5f4f6615-6d60-402b-b8eb-dea2664902a3&#8243; custom_padding_tablet=&#8221;40px||||false|false&#8221; custom_padding_phone=&#8221;40px||||false|false&#8221; custom_padding_last_edited=&#8221;on|phone&#8221; global_colors_info=&#8221;{}&#8221;]<\/p>\n<h4>Bases de la Educacion Cristiana<\/h4>\n<p>[\/et_pb_text][et_pb_text _builder_version=&#8221;4.21.0&#8243; _module_preset=&#8221;c77622ba-5d87-4e28-9e64-a898d57a2b0a&#8221; global_colors_info=&#8221;{}&#8221;]<\/p>\n<h1>Escuela Biblica Dominical<\/h1>\n<p>[\/et_pb_text][et_pb_divider color=&#8221;rgba(0,0,0,0.2)&#8221; divider_weight=&#8221;2px&#8221; _builder_version=&#8221;4.20.0&#8243; _module_preset=&#8221;default&#8221; custom_margin=&#8221;|-24%|||false|false&#8221; custom_margin_tablet=&#8221;|0%|||false|false&#8221; custom_margin_phone=&#8221;|0%|||false|false&#8221; custom_margin_last_edited=&#8221;on|tablet&#8221; global_colors_info=&#8221;{}&#8221;][\/et_pb_divider][et_pb_text _builder_version=&#8221;4.21.0&#8243; _module_preset=&#8221;a23e8e6a-07e7-47ef-9f45-3ebdf60686bb&#8221; global_colors_info=&#8221;{}&#8221;]<\/p>\n<p><span>El ministerio de nuestro Se\u00f1or Jesucristo consisti\u00f3 principalmente en ense\u00f1ar. Mateo 4:23; 13:54. Marcos 1:22 Mateo cap\u00edtulos 5 al 7.<\/span><\/p>\n<p>[\/et_pb_text][et_pb_button button_text=&#8221;Leer mas&#8230;&#8221; _builder_version=&#8221;4.21.0&#8243; _module_preset=&#8221;add5e0bb-2763-4234-9cf3-f1a1437a150d&#8221; global_colors_info=&#8221;{}&#8221;][\/et_pb_button][et_pb_image src=&#8221;https:\/\/escueladominical.info\/wp-content\/uploads\/2023\/06\/coaching-1.png&#8221; title_text=&#8221;coaching-1&#8243; _builder_version=&#8221;4.20.0&#8243; _module_preset=&#8221;default&#8221; positioning=&#8221;absolute&#8221; position_origin_a=&#8221;bottom_left&#8221; vertical_offset=&#8221;-5%&#8221; horizontal_offset=&#8221;-15%&#8221; z_index=&#8221;-1&#8243; width=&#8221;70%&#8221; global_colors_info=&#8221;{}&#8221;][\/et_pb_image][\/et_pb_column][et_pb_column type=&#8221;1_2&#8243; _builder_version=&#8221;4.20.0&#8243; _module_preset=&#8221;default&#8221; global_colors_info=&#8221;{}&#8221;][et_pb_image src=&#8221;https:\/\/escueladominical.info\/wp-content\/uploads\/2023\/06\/Libros.jpg&#8221; title_text=&#8221;Estudio Biblico&#8221; _builder_version=&#8221;4.21.0&#8243; _module_preset=&#8221;default&#8221; max_height_tablet=&#8221;300px&#8221; max_height_phone=&#8221;300px&#8221; max_height_last_edited=&#8221;on|tablet&#8221; locked=&#8221;off&#8221; global_colors_info=&#8221;{}&#8221;][\/et_pb_image][\/et_pb_column][\/et_pb_row][\/et_pb_section][et_pb_section fb_built=&#8221;1&#8243; admin_label=&#8221;About&#8221; _builder_version=&#8221;4.20.0&#8243; _module_preset=&#8221;default&#8221; background_color=&#8221;gcid-de71f7e9-c73d-4bf6-9384-53a89cf199ff&#8221; custom_padding=&#8221;0px||0px||true|false&#8221; collapsed=&#8221;off&#8221; global_colors_info=&#8221;{%22gcid-de71f7e9-c73d-4bf6-9384-53a89cf199ff%22:%91%22background_color%22%93}&#8221;][et_pb_row column_structure=&#8221;1_2,1_2&#8243; _builder_version=&#8221;4.20.0&#8243; _module_preset=&#8221;default&#8221; custom_padding=&#8221;0px||0px||true|false&#8221; global_colors_info=&#8221;{}&#8221;][et_pb_column type=&#8221;1_2&#8243; _builder_version=&#8221;4.20.0&#8243; _module_preset=&#8221;default&#8221; global_colors_info=&#8221;{}&#8221;][et_pb_image src=&#8221;https:\/\/escueladominical.info\/wp-content\/uploads\/2023\/06\/Jesucristo-El-Rabino.jpg&#8221; title_text=&#8221;Jesucristo El Rabino&#8221; _builder_version=&#8221;4.21.0&#8243; _module_preset=&#8221;default&#8221; custom_margin=&#8221;|||-10vw|false|false&#8221; custom_margin_tablet=&#8221;|-10vw||-10vw|false|true&#8221; custom_margin_phone=&#8221;|-10vw||-10vw|false|true&#8221; custom_margin_last_edited=&#8221;on|tablet&#8221; border_color_all=&#8221;#8a8569&#8243; border_width_top=&#8221;3vw&#8221; border_width_right=&#8221;3vw&#8221; border_width_top_tablet=&#8221;10vw&#8221; border_width_top_phone=&#8221;10vw&#8221; border_width_top_last_edited=&#8221;on|tablet&#8221; border_width_right_tablet=&#8221;10vw&#8221; border_width_right_phone=&#8221;10vw&#8221; border_width_right_last_edited=&#8221;on|tablet&#8221; global_colors_info=&#8221;{}&#8221;][\/et_pb_image][\/et_pb_column][et_pb_column type=&#8221;1_2&#8243; _builder_version=&#8221;4.20.0&#8243; _module_preset=&#8221;default&#8221; custom_padding=&#8221;8%||8%||true|true&#8221; global_colors_info=&#8221;{}&#8221;][et_pb_image src=&#8221;https:\/\/escueladominical.info\/wp-content\/uploads\/2023\/06\/Bible.jpg&#8221; title_text=&#8221;Biblia de Estudio&#8221; _builder_version=&#8221;4.21.0&#8243; _module_preset=&#8221;default&#8221; max_height=&#8221;80px&#8221; border_radii=&#8221;on|500px|500px|500px|500px&#8221; global_colors_info=&#8221;{}&#8221;][\/et_pb_image][et_pb_text _builder_version=&#8221;4.20.0&#8243; _module_preset=&#8221;4573e9c9-467e-4e8a-b949-ef86557168f5&#8243; global_colors_info=&#8221;{}&#8221;]<\/p>\n<h2>Importancia del Estudio B\u00edblico<\/h2>\n<p>[\/et_pb_text][et_pb_divider color=&#8221;rgba(0,0,0,0.2)&#8221; divider_position=&#8221;center&#8221; divider_weight=&#8221;2px&#8221; _builder_version=&#8221;4.20.0&#8243; _module_preset=&#8221;default&#8221; custom_margin=&#8221;|||-38%|false|false&#8221; locked=&#8221;off&#8221; global_colors_info=&#8221;{}&#8221;][\/et_pb_divider][et_pb_text _builder_version=&#8221;4.21.0&#8243; _module_preset=&#8221;a23e8e6a-07e7-47ef-9f45-3ebdf60686bb&#8221; custom_margin=&#8221;30px||||false|false&#8221; hover_enabled=&#8221;0&#8243; global_colors_info=&#8221;{}&#8221; sticky_enabled=&#8221;0&#8243;]<\/p>\n<p><span>Nuestro Se\u00f1or Jesucristo &#8220;Predic\u00f3 un 5% y ense\u00f1\u00f3 un 95% en su ministerio terrenal&#8221;. Daba clases a sus disc\u00edpulos los cuales lo segu\u00edan por todas partes para aprender de \u00e9l. Disc\u00edpulo quiere decir alumno &#8220;uno que sigue, que cree y publica las ense\u00f1anzas de su maestro&#8221;. <\/span><\/p>\n<p><span>Es triste ver a muhchos en nuestras Iglesias el abandono de las sagradas Escrituras. La ignorancia sera el factor primordial de los fracasos cristianos sino tomamos en serio esta crisis. La Escuela Biblica Dominical sera siempre de mucha importancia para nuestra Iglesia.<\/span><\/p>\n<p>[\/et_pb_text][et_pb_button button_text=&#8221;Leer Mas&#8221; button_alignment=&#8221;right&#8221; _builder_version=&#8221;4.21.0&#8243; _module_preset=&#8221;883c654f-6cee-4f3a-8e96-c6b339480165&#8243; custom_margin=&#8221;30px||||false|false&#8221; global_colors_info=&#8221;{}&#8221;][\/et_pb_button][\/et_pb_column][\/et_pb_row][\/et_pb_section][et_pb_section fb_built=&#8221;1&#8243; admin_label=&#8221;Testimonials&#8221; _builder_version=&#8221;4.20.0&#8243; _module_preset=&#8221;default&#8221; background_color=&#8221;gcid-1c7f682d-c09a-42e9-8b1c-535ba676533f&#8221; collapsed=&#8221;off&#8221; global_colors_info=&#8221;{%22gcid-1c7f682d-c09a-42e9-8b1c-535ba676533f%22:%91%22background_color%22%93}&#8221;][et_pb_row _builder_version=&#8221;4.20.0&#8243; _module_preset=&#8221;default&#8221; global_colors_info=&#8221;{}&#8221;][et_pb_column type=&#8221;4_4&#8243; _builder_version=&#8221;4.20.0&#8243; _module_preset=&#8221;default&#8221; global_colors_info=&#8221;{}&#8221;][et_pb_slider arrows_custom_color=&#8221;gcid-606d042f-c90f-4ea6-97e7-7b08f1ba25f6&#8243; dot_nav_custom_color=&#8221;gcid-606d042f-c90f-4ea6-97e7-7b08f1ba25f6&#8243; _builder_version=&#8221;4.21.0&#8243; _module_preset=&#8221;default&#8221; header_font=&#8221;Inter|700||on|||||&#8221; header_text_color=&#8221;gcid-606d042f-c90f-4ea6-97e7-7b08f1ba25f6&#8243; header_font_size=&#8221;14px&#8221; header_letter_spacing=&#8221;1px&#8221; body_font=&#8221;Belleza||||||||&#8221; body_text_color=&#8221;gcid-606d042f-c90f-4ea6-97e7-7b08f1ba25f6&#8243; body_font_size=&#8221;40px&#8221; body_line_height=&#8221;1.4em&#8221; background_color=&#8221;gcid-de71f7e9-c73d-4bf6-9384-53a89cf199ff&#8221; custom_button=&#8221;on&#8221; button_text_size=&#8221;14px&#8221; button_text_color=&#8221;#FFFFFF&#8221; button_bg_color=&#8221;gcid-606d042f-c90f-4ea6-97e7-7b08f1ba25f6&#8243; button_border_width=&#8221;0px&#8221; button_border_radius=&#8221;100px&#8221; button_font=&#8221;Inter|700||on|||||&#8221; button_custom_padding=&#8221;16px|24px|16px|24px|true|true&#8221; body_font_size_tablet=&#8221;20px&#8221; body_font_size_phone=&#8221;16px&#8221; body_font_size_last_edited=&#8221;on|desktop&#8221; text_shadow_style=&#8221;preset1&#8243; text_shadow_color=&#8221;RGBA(255,255,255,0)&#8221; locked=&#8221;off&#8221; global_colors_info=&#8221;{%22gcid-606d042f-c90f-4ea6-97e7-7b08f1ba25f6%22:%91%22header_4_text_color%22,%22button_bg_color%22,%22arrows_custom_color%22,%22dot_nav_custom_color%22,%22header_text_color%22,%22body_text_color%22%93,%22gcid-de71f7e9-c73d-4bf6-9384-53a89cf199ff%22:%91%22background_color%22%93}&#8221;][et_pb_slide heading=&#8221;S Juan 5:39&#8243; button_text=&#8221;Ver Mas&#8221; _builder_version=&#8221;4.21.0&#8243; _module_preset=&#8221;default&#8221; locked=&#8221;off&#8221; global_colors_info=&#8221;{}&#8221; sticky_transition=&#8221;on&#8221;]<\/p>\n<p>&#8220;Escudri\u00f1ad las Escrituras; porque a vosotros os parece que en ellas ten\u00e9is la vida eterna; y ellas son las que dan testimonio de m\u00ed;&#8221;<\/p>\n<p>[\/et_pb_slide][et_pb_slide heading=&#8221;2 Timoteo 3:16,17&#8243; button_text=&#8221;Leer Mas&#8221; _builder_version=&#8221;4.21.0&#8243; _module_preset=&#8221;default&#8221; locked=&#8221;off&#8221; global_colors_info=&#8221;{}&#8221; sticky_transition=&#8221;on&#8221;]<\/p>\n<p>&#8220;<span><span id=\"es-RVR1960-29871\" class=\"text 2Tim-3-16\">Toda la Escritura es inspirada por Dios, y \u00fatil para ense\u00f1ar, para redarg\u00fcir, para corregir, para instruir en justicia,<\/span> <span id=\"es-RVR1960-29872\" class=\"text 2Tim-3-17\">a fin de que el hombre de Dios sea perfecto, enteramente preparado para toda buena obra.<\/span><\/span>&#8220;<\/p>\n<p>[\/et_pb_slide][et_pb_slide heading=&#8221;Hebreos 4:12&#8243; button_text=&#8221;Leer Mas&#8221; _builder_version=&#8221;4.21.0&#8243; _module_preset=&#8221;default&#8221; locked=&#8221;off&#8221; global_colors_info=&#8221;{}&#8221; sticky_transition=&#8221;on&#8221;]<\/p>\n<p>&#8220;<span id=\"es-RVR1960-30028\" class=\"text Heb-4-12\">Porque la palabra de Dios es viva y eficaz, y m\u00e1s cortante que toda espada de dos filos; y penetra hasta partir el alma y el esp\u00edritu, las coyunturas y los tu\u00e9tanos, y discierne los pensamientos y las intenciones del coraz\u00f3n.<\/span>&#8220;<\/p>\n<p>[\/et_pb_slide][\/et_pb_slider][\/et_pb_column][\/et_pb_row][\/et_pb_section][et_pb_section fb_built=&#8221;1&#8243; admin_label=&#8221;Footer&#8221; _builder_version=&#8221;4.20.0&#8243; _module_preset=&#8221;default&#8221; background_color=&#8221;#293B45&#8243; use_background_color_gradient=&#8221;on&#8221; background_color_gradient_stops=&#8221;gcid-606d042f-c90f-4ea6-97e7-7b08f1ba25f6 20%|rgba(41,59,69,0.8) 100%&#8221; background_color_gradient_overlays_image=&#8221;on&#8221; background_image=&#8221;https:\/\/escueladominical.info\/wp-content\/uploads\/2023\/06\/coaching-8.jpg&#8221; saved_tabs=&#8221;all&#8221; collapsed=&#8221;off&#8221; global_colors_info=&#8221;{%22gcid-606d042f-c90f-4ea6-97e7-7b08f1ba25f6%22:%91%22background_color_gradient_stops%22%93}&#8221;][et_pb_row column_structure=&#8221;1_2,1_2&#8243; _builder_version=&#8221;4.20.0&#8243; _module_preset=&#8221;default&#8221; global_colors_info=&#8221;{}&#8221;][et_pb_column type=&#8221;1_2&#8243; _builder_version=&#8221;4.20.0&#8243; _module_preset=&#8221;default&#8221; global_colors_info=&#8221;{}&#8221;][et_pb_image src=&#8221;https:\/\/escueladominical.info\/wp-content\/uploads\/2023\/06\/Escuela-Biblica-Logo.png&#8221; title_text=&#8221;Escuela Biblica&#8221; _builder_version=&#8221;4.21.0&#8243; _module_preset=&#8221;default&#8221; global_colors_info=&#8221;{}&#8221;][\/et_pb_image][et_pb_text _builder_version=&#8221;4.21.0&#8243; _module_preset=&#8221;2b6811dc-6c7b-4e49-8c08-90520ebd8f1a&#8221; header_3_text_color=&#8221;#FFFFFF&#8221; custom_margin=&#8221;||10px||false|false&#8221; global_colors_info=&#8221;{}&#8221;]<\/p>\n<h3>Escribenos<\/h3>\n<p>[\/et_pb_text][et_pb_text _builder_version=&#8221;4.21.0&#8243; _module_preset=&#8221;362473ee-738c-4c93-af4a-61bb7715840a&#8221; text_text_color=&#8221;#FFFFFF&#8221; global_colors_info=&#8221;{}&#8221;]<\/p>\n<p>Dejanos saber como nos conociste. Tus opiniones son importantes, desde tu aportacion a nuestro contenido, hasta tus necesidades y peticiones. Sera un privilegio orar por ti. Te escribiremos lo mas pronto posible. Dios Bendiga tu Vida.<\/p>\n<p>[\/et_pb_text][\/et_pb_column][et_pb_column type=&#8221;1_2&#8243; _builder_version=&#8221;4.20.0&#8243; _module_preset=&#8221;default&#8221; global_colors_info=&#8221;{}&#8221;][et_pb_contact_form email=&#8221;ElShaddaiHarvey@yahoo.com&#8221; custom_message=&#8221;Escuela Dominical: Home Page||et_pb_line_break_holder||Nombre:%%Name%%||et_pb_line_break_holder||Email:%%Email%%||et_pb_line_break_holder||Mensaje: %%Message%%&#8221; submit_button_text=&#8221;Enviar&#8221; _builder_version=&#8221;4.21.0&#8243; _module_preset=&#8221;1b424f80-08ce-4be7-ac2c-6aa501e2ccbd&#8221; captcha_text_color=&#8221;#ffffff&#8221; locked=&#8221;off&#8221; global_colors_info=&#8221;{%22gcid-606d042f-c90f-4ea6-97e7-7b08f1ba25f6%22:%91%22button_text_color%22%93,%22gcid-1c7f682d-c09a-42e9-8b1c-535ba676533f%22:%91%22form_field_text_color%22%93}&#8221;][et_pb_contact_field field_id=&#8221;Name&#8221; field_title=&#8221;Nombre&#8221; _builder_version=&#8221;4.21.0&#8243; _module_preset=&#8221;default&#8221; form_field_text_color=&#8221;#ffffff&#8221; form_field_focus_text_color=&#8221;#ffffff&#8221; global_colors_info=&#8221;{}&#8221; button_text_size__hover_enabled=&#8221;off&#8221; button_one_text_size__hover_enabled=&#8221;off&#8221; button_two_text_size__hover_enabled=&#8221;off&#8221; button_text_color__hover_enabled=&#8221;off&#8221; button_one_text_color__hover_enabled=&#8221;off&#8221; button_two_text_color__hover_enabled=&#8221;off&#8221; button_border_width__hover_enabled=&#8221;off&#8221; button_one_border_width__hover_enabled=&#8221;off&#8221; button_two_border_width__hover_enabled=&#8221;off&#8221; button_border_color__hover_enabled=&#8221;off&#8221; button_one_border_color__hover_enabled=&#8221;off&#8221; button_two_border_color__hover_enabled=&#8221;off&#8221; button_border_radius__hover_enabled=&#8221;off&#8221; button_one_border_radius__hover_enabled=&#8221;off&#8221; button_two_border_radius__hover_enabled=&#8221;off&#8221; button_letter_spacing__hover_enabled=&#8221;off&#8221; button_one_letter_spacing__hover_enabled=&#8221;off&#8221; button_two_letter_spacing__hover_enabled=&#8221;off&#8221; button_bg_color__hover_enabled=&#8221;off&#8221; button_one_bg_color__hover_enabled=&#8221;off&#8221; button_two_bg_color__hover_enabled=&#8221;off&#8221;][\/et_pb_contact_field][et_pb_contact_field field_id=&#8221;Email&#8221; field_title=&#8221;Email&#8221; field_type=&#8221;email&#8221; _builder_version=&#8221;4.21.0&#8243; _module_preset=&#8221;default&#8221; form_field_focus_text_color=&#8221;#ffffff&#8221; global_colors_info=&#8221;{}&#8221; button_text_size__hover_enabled=&#8221;off&#8221; button_one_text_size__hover_enabled=&#8221;off&#8221; button_two_text_size__hover_enabled=&#8221;off&#8221; button_text_color__hover_enabled=&#8221;off&#8221; button_one_text_color__hover_enabled=&#8221;off&#8221; button_two_text_color__hover_enabled=&#8221;off&#8221; button_border_width__hover_enabled=&#8221;off&#8221; button_one_border_width__hover_enabled=&#8221;off&#8221; button_two_border_width__hover_enabled=&#8221;off&#8221; button_border_color__hover_enabled=&#8221;off&#8221; button_one_border_color__hover_enabled=&#8221;off&#8221; button_two_border_color__hover_enabled=&#8221;off&#8221; button_border_radius__hover_enabled=&#8221;off&#8221; button_one_border_radius__hover_enabled=&#8221;off&#8221; button_two_border_radius__hover_enabled=&#8221;off&#8221; button_letter_spacing__hover_enabled=&#8221;off&#8221; button_one_letter_spacing__hover_enabled=&#8221;off&#8221; button_two_letter_spacing__hover_enabled=&#8221;off&#8221; button_bg_color__hover_enabled=&#8221;off&#8221; button_one_bg_color__hover_enabled=&#8221;off&#8221; button_two_bg_color__hover_enabled=&#8221;off&#8221;][\/et_pb_contact_field][et_pb_contact_field field_id=&#8221;Message&#8221; field_title=&#8221;Mensaje&#8221; field_type=&#8221;text&#8221; fullwidth_field=&#8221;on&#8221; _builder_version=&#8221;4.21.0&#8243; _module_preset=&#8221;default&#8221; global_colors_info=&#8221;{}&#8221; button_text_size__hover_enabled=&#8221;off&#8221; button_one_text_size__hover_enabled=&#8221;off&#8221; button_two_text_size__hover_enabled=&#8221;off&#8221; button_text_color__hover_enabled=&#8221;off&#8221; button_one_text_color__hover_enabled=&#8221;off&#8221; button_two_text_color__hover_enabled=&#8221;off&#8221; button_border_width__hover_enabled=&#8221;off&#8221; button_one_border_width__hover_enabled=&#8221;off&#8221; button_two_border_width__hover_enabled=&#8221;off&#8221; button_border_color__hover_enabled=&#8221;off&#8221; button_one_border_color__hover_enabled=&#8221;off&#8221; button_two_border_color__hover_enabled=&#8221;off&#8221; button_border_radius__hover_enabled=&#8221;off&#8221; button_one_border_radius__hover_enabled=&#8221;off&#8221; button_two_border_radius__hover_enabled=&#8221;off&#8221; button_letter_spacing__hover_enabled=&#8221;off&#8221; button_one_letter_spacing__hover_enabled=&#8221;off&#8221; button_two_letter_spacing__hover_enabled=&#8221;off&#8221; button_bg_color__hover_enabled=&#8221;off&#8221; button_one_bg_color__hover_enabled=&#8221;off&#8221; button_two_bg_color__hover_enabled=&#8221;off&#8221;][\/et_pb_contact_field][\/et_pb_contact_form][\/et_pb_column][\/et_pb_row][\/et_pb_section]<\/p>\n","protected":false},"excerpt":{"rendered":"<p>Bases de la Educacion CristianaEscuela Biblica DominicalEl ministerio de nuestro Se\u00f1or Jesucristo consisti\u00f3 principalmente en ense\u00f1ar. Mateo 4:23; 13:54. Marcos 1:22 Mateo cap\u00edtulos 5 al 7.Importancia del Estudio B\u00edblicoNuestro Se\u00f1or Jesucristo &#8220;Predic\u00f3 un 5% y ense\u00f1\u00f3 un 95% en su ministerio terrenal&#8221;. Daba clases a sus disc\u00edpulos los cuales lo segu\u00edan por todas partes para [&hellip;]<\/p>\n","protected":false},"author":1,"featured_media":0,"parent":0,"menu_order":0,"comment_status":"closed","ping_status":"closed","template":"","meta":{"_et_pb_use_builder":"on","_et_pb_old_content":"<!-- wp:divi\/placeholder \/-->","_et_gb_content_width":"","footnotes":""},"_links":{"self":[{"href":"https:\/\/escueladominical.info\/index.php\/wp-json\/wp\/v2\/pages\/16"}],"collection":[{"href":"https:\/\/escueladominical.info\/index.php\/wp-json\/wp\/v2\/pages"}],"about":[{"href":"https:\/\/escueladominical.info\/index.php\/wp-json\/wp\/v2\/types\/page"}],"author":[{"embeddable":true,"href":"https:\/\/escueladominical.info\/index.php\/wp-json\/wp\/v2\/users\/1"}],"replies":[{"embeddable":true,"href":"https:\/\/escueladominical.info\/index.php\/wp-json\/wp\/v2\/comments?post=16"}],"version-history":[{"count":19,"href":"https:\/\/escueladominical.info\/index.php\/wp-json\/wp\/v2\/pages\/16\/revisions"}],"predecessor-version":[{"id":501,"href":"https:\/\/escueladominical.info\/index.php\/wp-json\/wp\/v2\/pages\/16\/revisions\/501"}],"wp:attachment":[{"href":"https:\/\/escueladominical.info\/index.php\/wp-json\/wp\/v2\/media?parent=16"}],"curies":[{"name":"wp","href":"https:\/\/api.w.org\/{rel}","templated":true}]}}