{"id":23,"date":"2023-05-15T20:34:00","date_gmt":"2023-05-15T20:34:00","guid":{"rendered":"https:\/\/escueladominical.info\/?page_id=23"},"modified":"2023-06-03T15:09:47","modified_gmt":"2023-06-03T15:09:47","slug":"nosotros","status":"publish","type":"page","link":"https:\/\/escueladominical.info\/index.php\/nosotros\/","title":{"rendered":"Nosotros"},"content":{"rendered":"<p>[et_pb_section fb_built=&#8221;1&#8243; admin_label=&#8221;Service&#8221; _builder_version=&#8221;4.20.0&#8243; _module_preset=&#8221;default&#8221; use_background_color_gradient=&#8221;on&#8221; background_color_gradient_stops=&#8221;rgba(41,59,69,0.7) 0%|#293b45 99%&#8221; background_color_gradient_overlays_image=&#8221;on&#8221; background_image=&#8221;https:\/\/escueladominical.info\/wp-content\/uploads\/2023\/06\/coaching-21.jpg&#8221; collapsed=&#8221;on&#8221; global_colors_info=&#8221;{}&#8221; theme_builder_area=&#8221;post_content&#8221;][et_pb_row _builder_version=&#8221;4.20.0&#8243; _module_preset=&#8221;default&#8221; global_colors_info=&#8221;{}&#8221; theme_builder_area=&#8221;post_content&#8221;][et_pb_column type=&#8221;4_4&#8243; _builder_version=&#8221;4.20.0&#8243; _module_preset=&#8221;default&#8221; global_colors_info=&#8221;{}&#8221; theme_builder_area=&#8221;post_content&#8221;][et_pb_text _builder_version=&#8221;4.21.0&#8243; _module_preset=&#8221;bff861a3-9fa0-4a43-9615-5d395c4abe10&#8243; header_4_text_color=&#8221;gcid-7a02f245-10cf-4ba2-ac73-385345b5f54a&#8221; text_orientation=&#8221;center&#8221; hover_enabled=&#8221;0&#8243; global_colors_info=&#8221;{%22gcid-7a02f245-10cf-4ba2-ac73-385345b5f54a%22:%91%22header_4_text_color%22%93}&#8221; theme_builder_area=&#8221;post_content&#8221; sticky_enabled=&#8221;0&#8243;]<\/p>\n<h4>En Service<\/h4>\n<p>[\/et_pb_text][et_pb_text _builder_version=&#8221;4.20.0&#8243; _module_preset=&#8221;d0b2731e-0fa3-469e-af60-5ad86b3fd1fb&#8221; header_2_text_color=&#8221;#FFFFFF&#8221; text_orientation=&#8221;center&#8221; custom_margin=&#8221;||10px||false|false&#8221; global_colors_info=&#8221;{}&#8221; theme_builder_area=&#8221;post_content&#8221;]<\/p>\n<h2>Pagina en Construcci\u00f3n<\/h2>\n<p>[\/et_pb_text][et_pb_button button_text=&#8221;Pagina Principal&#8221; button_alignment=&#8221;center&#8221; _builder_version=&#8221;4.21.0&#8243; _module_preset=&#8221;25d79828-59bd-4732-900d-a1e03e98aaca&#8221; hover_enabled=&#8221;0&#8243; locked=&#8221;off&#8221; global_colors_info=&#8221;{}&#8221; theme_builder_area=&#8221;post_content&#8221; button_url=&#8221;https:\/\/escueladominical.info&#8221; sticky_enabled=&#8221;0&#8243;][\/et_pb_button][\/et_pb_column][\/et_pb_row][\/et_pb_section][et_pb_section fb_built=&#8221;1&#8243; admin_label=&#8221;Features&#8221; _builder_version=&#8221;4.20.0&#8243; _module_preset=&#8221;default&#8221; background_color=&#8221;gcid-1c7f682d-c09a-42e9-8b1c-535ba676533f&#8221; collapsed=&#8221;on&#8221; global_colors_info=&#8221;{%22gcid-1c7f682d-c09a-42e9-8b1c-535ba676533f%22:%91%22background_color%22%93}&#8221; theme_builder_area=&#8221;post_content&#8221;][et_pb_row _builder_version=&#8221;4.20.0&#8243; _module_preset=&#8221;default&#8221; max_width=&#8221;800px&#8221; global_colors_info=&#8221;{}&#8221; theme_builder_area=&#8221;post_content&#8221;][et_pb_column type=&#8221;4_4&#8243; _builder_version=&#8221;4.20.0&#8243; _module_preset=&#8221;default&#8221; global_colors_info=&#8221;{}&#8221; theme_builder_area=&#8221;post_content&#8221;][et_pb_text _builder_version=&#8221;4.21.0&#8243; _module_preset=&#8221;8eed9b68-dab3-4561-b449-13edf6345447&#8243; text_orientation=&#8221;center&#8221; hover_enabled=&#8221;0&#8243; global_colors_info=&#8221;{}&#8221; theme_builder_area=&#8221;post_content&#8221; sticky_enabled=&#8221;0&#8243;]<\/p>\n<p><span>Este es un sitio que estara dedicado a proveer orinetaci\u00f3n, ense\u00f1anza y capacitaci\u00f3n, de principios morales; desde el puntos de vista Etico-Cristiano. Agradememos su paciencia, estamos trabajado en el equipamiento de nuestro sitio. Le solicitamos este pendiente y vuelva pronto. Que las Bendiciones de Nuestro Se\u00f1or Jesucristo llenen su Vida. <strong>Fil.4:7<\/strong><\/span><\/p>\n<p>[\/et_pb_text][\/et_pb_column][\/et_pb_row][\/et_pb_section]<\/p>\n","protected":false},"excerpt":{"rendered":"<p>En ServicePagina en Construcci\u00f3nEste es un sitio que estara dedicado a proveer orinetaci\u00f3n, ense\u00f1anza y capacitaci\u00f3n, de principios morales; desde el puntos de vista Etico-Cristiano. Agradememos su paciencia, estamos trabajado en el equipamiento de nuestro sitio. Le solicitamos este pendiente y vuelva pronto. Que las Bendiciones de Nuestro Se\u00f1or Jesucristo llenen su Vida. Fil.4:7<\/p>\n","protected":false},"author":1,"featured_media":0,"parent":0,"menu_order":0,"comment_status":"closed","ping_status":"closed","template":"","meta":{"_et_pb_use_builder":"on","_et_pb_old_content":"<!-- wp:divi\/placeholder \/-->","_et_gb_content_width":"","footnotes":""},"_links":{"self":[{"href":"https:\/\/escueladominical.info\/index.php\/wp-json\/wp\/v2\/pages\/23"}],"collection":[{"href":"https:\/\/escueladominical.info\/index.php\/wp-json\/wp\/v2\/pages"}],"about":[{"href":"https:\/\/escueladominical.info\/index.php\/wp-json\/wp\/v2\/types\/page"}],"author":[{"embeddable":true,"href":"https:\/\/escueladominical.info\/index.php\/wp-json\/wp\/v2\/users\/1"}],"replies":[{"embeddable":true,"href":"https:\/\/escueladominical.info\/index.php\/wp-json\/wp\/v2\/comments?post=23"}],"version-history":[{"count":3,"href":"https:\/\/escueladominical.info\/index.php\/wp-json\/wp\/v2\/pages\/23\/revisions"}],"predecessor-version":[{"id":104,"href":"https:\/\/escueladominical.info\/index.php\/wp-json\/wp\/v2\/pages\/23\/revisions\/104"}],"wp:attachment":[{"href":"https:\/\/escueladominical.info\/index.php\/wp-json\/wp\/v2\/media?parent=23"}],"curies":[{"name":"wp","href":"https:\/\/api.w.org\/{rel}","templated":true}]}}